{"id":1146,"date":"2025-05-21T00:15:14","date_gmt":"2025-05-20T22:15:14","guid":{"rendered":"https:\/\/sun-sea-living.com\/usluge\/"},"modified":"2025-07-03T16:40:35","modified_gmt":"2025-07-03T14:40:35","slug":"usluge","status":"publish","type":"page","link":"https:\/\/sun-sea-living.com\/hr\/usluge\/","title":{"rendered":"Usluge"},"content":{"rendered":"\t\t<div data-elementor-type=\"wp-page\" data-elementor-id=\"1146\" class=\"elementor elementor-1146 elementor-1123\" data-elementor-post-type=\"page\">\n\t\t\t\t<div class=\"elementor-element elementor-element-3820a47 e-flex e-con-boxed e-con e-parent\" data-id=\"3820a47\" data-element_type=\"container\" data-e-type=\"container\">\n\t\t\t\t\t<div class=\"e-con-inner\">\n\t\t\t\t<div class=\"elementor-element elementor-element-0f2afaf elementor-widget elementor-widget-heading\" data-id=\"0f2afaf\" data-element_type=\"widget\" data-e-type=\"widget\" data-widget_type=\"heading.default\">\n\t\t\t\t<div class=\"elementor-widget-container\">\n\t\t\t\t\t<h2 class=\"elementor-heading-title elementor-size-default\">Upravljanje najmom \u2013 bezbri\u017eno u svakom pogledu<\/h2>\t\t\t\t<\/div>\n\t\t\t\t<\/div>\n\t\t\t\t<div class=\"elementor-element elementor-element-566aee5 elementor-widget elementor-widget-text-editor\" data-id=\"566aee5\" data-element_type=\"widget\" data-e-type=\"widget\" data-widget_type=\"text-editor.default\">\n\t\t\t\t<div class=\"elementor-widget-container\">\n\t\t\t\t\t\t\t\t\t<p>Prepustite svoj smje\u0161taj profesionalcima: Preuzimamo kompletno upravljanje va\u0161im apartmanima ili objektima za odmor i kontakt smo za goste na licu mjesta. Srcem i razumom osiguravamo da sve te\u010de glatko.<\/p><p><strong>Potpuno upravljanje nekretninama<\/strong><br> Od administrativne podr\u0161ke preko komunikacije s gostima do primopredaje klju\u010deva \u2013 mi se brinemo o svakom koraku.<\/p><p><strong>\u010cisto\u0107a i organizacija<\/strong><br> Na\u0161i pouzdani timovi za \u010di\u0161\u0107enje jam\u010de besprijekoran smje\u0161taj. Koordiniramo termine i procese kako bismo osigurali da sve te\u010de na vrijeme i na strukturiran na\u010din.<\/p><p><strong>Njega<\/strong><br> Tu smo da vam pomognemo i savjetujemo, stvaraju\u0107i ugodnu atmosferu.<\/p><p><strong>Jasna komunikacija i transparentnost<\/strong><br> Transparentno fakturiranje \u2013 tako da uvijek imate pregled.<\/p>\t\t\t\t\t\t\t\t<\/div>\n\t\t\t\t<\/div>\n\t\t\t\t<div class=\"elementor-element elementor-element-61613ab elementor-widget elementor-widget-heading\" data-id=\"61613ab\" data-element_type=\"widget\" data-e-type=\"widget\" data-widget_type=\"heading.default\">\n\t\t\t\t<div class=\"elementor-widget-container\">\n\t\t\t\t\t<h2 class=\"elementor-heading-title elementor-size-default\">Usluge nekretnina u Hrvatskoj<\/h2>\t\t\t\t<\/div>\n\t\t\t\t<\/div>\n\t\t\t\t<div class=\"elementor-element elementor-element-75e9211 elementor-widget elementor-widget-text-editor\" data-id=\"75e9211\" data-element_type=\"widget\" data-e-type=\"widget\" data-widget_type=\"text-editor.default\">\n\t\t\t\t<div class=\"elementor-widget-container\">\n\t\t\t\t\t\t\t\t\t<p>Tra\u017eite li savr\u0161enu nekretninu, nekretninu za odmor ili \u017eelite prodati svoju nekretninu?<br>Na <a href=\"http:\/\/cro-living.hr\">cro-living.hr<\/a> prona\u0107i \u0107ete svog pouzdanog partnera \u2013 od pretrage nekretnina do uspje\u0161ne prodaje.<\/p><p>Veselimo se \u0161to \u0107emo vas upoznati \u2013 kao partnera, doma\u0107ina ili osobni kontakt u Hrvatskoj. Slobodno nas kontaktirajte!<\/p><p><strong>Va\u0161 osobni kontakt<\/strong><br> Mirko Kedenburg<br> Mobitel: +385 95 349 0557 (HR) \/ +49 173 785 4109 (DE)<br> E-po\u0161ta: <a href=\"mailto:mirko@cro-living.hr\">mirko@cro-living.hr<\/a><br> WhatsApp: <a href=\"http:\/\/wa.link\/ydckls\">wa.link\/ydckls<\/a><\/p><p>Uvijek sam dostupan za odgovore na va\u0161a pitanja, savjete i dogovore termina. Ne ustru\u010davajte se kontaktirati me izravno! <\/p>\t\t\t\t\t\t\t\t<\/div>\n\t\t\t\t<\/div>\n\t\t\t\t\t<\/div>\n\t\t\t\t<\/div>\n\t\t\t\t<\/div>\n\t\t","protected":false},"excerpt":{"rendered":"<p>Upravljanje najmom \u2013 bezbri\u017eno u svakom pogledu Prepustite svoj smje\u0161taj profesionalcima: Preuzimamo kompletno upravljanje va\u0161im apartmanima ili objektima za odmor i kontakt smo za goste na licu mjesta. Srcem i razumom osiguravamo da sve te\u010de glatko. Potpuno upravljanje nekretninama Od administrativne podr\u0161ke preko komunikacije s gostima do primopredaje klju\u010deva \u2013 mi se brinemo o svakom [&hellip;]<\/p>\n","protected":false},"author":1,"featured_media":0,"parent":0,"menu_order":0,"comment_status":"closed","ping_status":"closed","template":"elementor_header_footer","meta":{"footnotes":""},"class_list":["post-1146","page","type-page","status-publish","hentry"],"yoast_head":"<!-- This site is optimized with the Yoast SEO plugin v27.4 - https:\/\/yoast.com\/product\/yoast-seo-wordpress\/ -->\n<title>Usluge \u2013 Usluga za nekretnine za odmor u Hrvatskoj | Sun &amp; Sea Living<\/title>\n<meta name=\"description\" content=\"Usluga za vlasnike apartmana za odmor u Hrvatskoj: najam, \u010di\u0161\u0107enje, primopredaja klju\u010deva i briga o gostima \u2013 sve iz jednog izvora.\" \/>\n<meta name=\"robots\" content=\"index, follow, max-snippet:-1, max-image-preview:large, max-video-preview:-1\" \/>\n<link rel=\"canonical\" href=\"https:\/\/sun-sea-living.com\/hr\/usluge\/\" \/>\n<meta property=\"og:locale\" content=\"hr_HR\" \/>\n<meta property=\"og:type\" content=\"article\" \/>\n<meta property=\"og:title\" content=\"Usluga za apartmane za odmor u Hrvatskoj \u2013 Sun &amp; Sea Living\" \/>\n<meta property=\"og:description\" content=\"Najam, \u010di\u0161\u0107enje i usluge gostima: Brinemo se o va\u0161em objektu za odmor u Hrvatskoj \u2013 profesionalno, osobno i pouzdano.\" \/>\n<meta property=\"og:url\" content=\"https:\/\/sun-sea-living.com\/hr\/usluge\/\" \/>\n<meta property=\"og:site_name\" content=\"Sun Sea Living\" \/>\n<meta property=\"article:publisher\" content=\"https:\/\/www.facebook.com\/share\/1EcjE6evMA\/?mibextid=wwXIfr\" \/>\n<meta property=\"article:modified_time\" content=\"2025-07-03T14:40:35+00:00\" \/>\n<meta property=\"og:image\" content=\"https:\/\/sun-sea-living.com\/wp-content\/uploads\/2025\/03\/Logo-1024x874.webp\" \/>\n<meta name=\"twitter:card\" content=\"summary_large_image\" \/>\n<meta name=\"twitter:label1\" content=\"Procijenjeno vrijeme \u010ditanja\" \/>\n\t<meta name=\"twitter:data1\" content=\"1 minuta\" \/>\n<script type=\"application\/ld+json\" class=\"yoast-schema-graph\">{\"@context\":\"https:\\\/\\\/schema.org\",\"@graph\":[{\"@type\":\"WebPage\",\"@id\":\"https:\\\/\\\/sun-sea-living.com\\\/hr\\\/usluge\\\/\",\"url\":\"https:\\\/\\\/sun-sea-living.com\\\/hr\\\/usluge\\\/\",\"name\":\"Usluge \u2013 Usluga za nekretnine za odmor u Hrvatskoj | Sun & Sea Living\",\"isPartOf\":{\"@id\":\"https:\\\/\\\/sun-sea-living.com\\\/hr\\\/#website\"},\"datePublished\":\"2025-05-20T22:15:14+00:00\",\"dateModified\":\"2025-07-03T14:40:35+00:00\",\"description\":\"Usluga za vlasnike apartmana za odmor u Hrvatskoj: najam, \u010di\u0161\u0107enje, primopredaja klju\u010deva i briga o gostima \u2013 sve iz jednog izvora.\",\"breadcrumb\":{\"@id\":\"https:\\\/\\\/sun-sea-living.com\\\/hr\\\/usluge\\\/#breadcrumb\"},\"inLanguage\":\"hr\",\"potentialAction\":[{\"@type\":\"ReadAction\",\"target\":[\"https:\\\/\\\/sun-sea-living.com\\\/hr\\\/usluge\\\/\"]}]},{\"@type\":\"BreadcrumbList\",\"@id\":\"https:\\\/\\\/sun-sea-living.com\\\/hr\\\/usluge\\\/#breadcrumb\",\"itemListElement\":[{\"@type\":\"ListItem\",\"position\":1,\"name\":\"Startseite\",\"item\":\"https:\\\/\\\/sun-sea-living.com\\\/hr\\\/dom\\\/\"},{\"@type\":\"ListItem\",\"position\":2,\"name\":\"Usluge\"}]},{\"@type\":\"WebSite\",\"@id\":\"https:\\\/\\\/sun-sea-living.com\\\/hr\\\/#website\",\"url\":\"https:\\\/\\\/sun-sea-living.com\\\/hr\\\/\",\"name\":\"Sun Sea Living\",\"description\":\"\",\"publisher\":{\"@id\":\"https:\\\/\\\/sun-sea-living.com\\\/hr\\\/#organization\"},\"potentialAction\":[{\"@type\":\"SearchAction\",\"target\":{\"@type\":\"EntryPoint\",\"urlTemplate\":\"https:\\\/\\\/sun-sea-living.com\\\/hr\\\/?s={search_term_string}\"},\"query-input\":{\"@type\":\"PropertyValueSpecification\",\"valueRequired\":true,\"valueName\":\"search_term_string\"}}],\"inLanguage\":\"hr\"},{\"@type\":\"Organization\",\"@id\":\"https:\\\/\\\/sun-sea-living.com\\\/hr\\\/#organization\",\"name\":\"Sun Sea Living\",\"url\":\"https:\\\/\\\/sun-sea-living.com\\\/hr\\\/\",\"logo\":{\"@type\":\"ImageObject\",\"inLanguage\":\"hr\",\"@id\":\"https:\\\/\\\/sun-sea-living.com\\\/hr\\\/#\\\/schema\\\/logo\\\/image\\\/\",\"url\":\"https:\\\/\\\/sun-sea-living.com\\\/wp-content\\\/uploads\\\/2025\\\/03\\\/Logo.webp\",\"contentUrl\":\"https:\\\/\\\/sun-sea-living.com\\\/wp-content\\\/uploads\\\/2025\\\/03\\\/Logo.webp\",\"width\":1171,\"height\":1000,\"caption\":\"Sun Sea Living\"},\"image\":{\"@id\":\"https:\\\/\\\/sun-sea-living.com\\\/hr\\\/#\\\/schema\\\/logo\\\/image\\\/\"},\"sameAs\":[\"https:\\\/\\\/www.facebook.com\\\/share\\\/1EcjE6evMA\\\/?mibextid=wwXIfr\",\"https:\\\/\\\/www.instagram.com\\\/sunsealivingzadar\",\"https:\\\/\\\/www.youtube.com\\\/@SunSeaLiving\"]}]}<\/script>\n<!-- \/ Yoast SEO plugin. -->","yoast_head_json":{"title":"Usluge \u2013 Usluga za nekretnine za odmor u Hrvatskoj | Sun & Sea Living","description":"Usluga za vlasnike apartmana za odmor u Hrvatskoj: najam, \u010di\u0161\u0107enje, primopredaja klju\u010deva i briga o gostima \u2013 sve iz jednog izvora.","robots":{"index":"index","follow":"follow","max-snippet":"max-snippet:-1","max-image-preview":"max-image-preview:large","max-video-preview":"max-video-preview:-1"},"canonical":"https:\/\/sun-sea-living.com\/hr\/usluge\/","og_locale":"hr_HR","og_type":"article","og_title":"Usluga za apartmane za odmor u Hrvatskoj \u2013 Sun & Sea Living","og_description":"Najam, \u010di\u0161\u0107enje i usluge gostima: Brinemo se o va\u0161em objektu za odmor u Hrvatskoj \u2013 profesionalno, osobno i pouzdano.","og_url":"https:\/\/sun-sea-living.com\/hr\/usluge\/","og_site_name":"Sun Sea Living","article_publisher":"https:\/\/www.facebook.com\/share\/1EcjE6evMA\/?mibextid=wwXIfr","article_modified_time":"2025-07-03T14:40:35+00:00","og_image":[{"url":"https:\/\/sun-sea-living.com\/wp-content\/uploads\/2025\/03\/Logo-1024x874.webp","type":"","width":"","height":""}],"twitter_card":"summary_large_image","twitter_misc":{"Procijenjeno vrijeme \u010ditanja":"1 minuta"},"schema":{"@context":"https:\/\/schema.org","@graph":[{"@type":"WebPage","@id":"https:\/\/sun-sea-living.com\/hr\/usluge\/","url":"https:\/\/sun-sea-living.com\/hr\/usluge\/","name":"Usluge \u2013 Usluga za nekretnine za odmor u Hrvatskoj | Sun & Sea Living","isPartOf":{"@id":"https:\/\/sun-sea-living.com\/hr\/#website"},"datePublished":"2025-05-20T22:15:14+00:00","dateModified":"2025-07-03T14:40:35+00:00","description":"Usluga za vlasnike apartmana za odmor u Hrvatskoj: najam, \u010di\u0161\u0107enje, primopredaja klju\u010deva i briga o gostima \u2013 sve iz jednog izvora.","breadcrumb":{"@id":"https:\/\/sun-sea-living.com\/hr\/usluge\/#breadcrumb"},"inLanguage":"hr","potentialAction":[{"@type":"ReadAction","target":["https:\/\/sun-sea-living.com\/hr\/usluge\/"]}]},{"@type":"BreadcrumbList","@id":"https:\/\/sun-sea-living.com\/hr\/usluge\/#breadcrumb","itemListElement":[{"@type":"ListItem","position":1,"name":"Startseite","item":"https:\/\/sun-sea-living.com\/hr\/dom\/"},{"@type":"ListItem","position":2,"name":"Usluge"}]},{"@type":"WebSite","@id":"https:\/\/sun-sea-living.com\/hr\/#website","url":"https:\/\/sun-sea-living.com\/hr\/","name":"Sun Sea Living","description":"","publisher":{"@id":"https:\/\/sun-sea-living.com\/hr\/#organization"},"potentialAction":[{"@type":"SearchAction","target":{"@type":"EntryPoint","urlTemplate":"https:\/\/sun-sea-living.com\/hr\/?s={search_term_string}"},"query-input":{"@type":"PropertyValueSpecification","valueRequired":true,"valueName":"search_term_string"}}],"inLanguage":"hr"},{"@type":"Organization","@id":"https:\/\/sun-sea-living.com\/hr\/#organization","name":"Sun Sea Living","url":"https:\/\/sun-sea-living.com\/hr\/","logo":{"@type":"ImageObject","inLanguage":"hr","@id":"https:\/\/sun-sea-living.com\/hr\/#\/schema\/logo\/image\/","url":"https:\/\/sun-sea-living.com\/wp-content\/uploads\/2025\/03\/Logo.webp","contentUrl":"https:\/\/sun-sea-living.com\/wp-content\/uploads\/2025\/03\/Logo.webp","width":1171,"height":1000,"caption":"Sun Sea Living"},"image":{"@id":"https:\/\/sun-sea-living.com\/hr\/#\/schema\/logo\/image\/"},"sameAs":["https:\/\/www.facebook.com\/share\/1EcjE6evMA\/?mibextid=wwXIfr","https:\/\/www.instagram.com\/sunsealivingzadar","https:\/\/www.youtube.com\/@SunSeaLiving"]}]}},"_links":{"self":[{"href":"https:\/\/sun-sea-living.com\/hr\/wp-json\/wp\/v2\/pages\/1146","targetHints":{"allow":["GET"]}}],"collection":[{"href":"https:\/\/sun-sea-living.com\/hr\/wp-json\/wp\/v2\/pages"}],"about":[{"href":"https:\/\/sun-sea-living.com\/hr\/wp-json\/wp\/v2\/types\/page"}],"author":[{"embeddable":true,"href":"https:\/\/sun-sea-living.com\/hr\/wp-json\/wp\/v2\/users\/1"}],"replies":[{"embeddable":true,"href":"https:\/\/sun-sea-living.com\/hr\/wp-json\/wp\/v2\/comments?post=1146"}],"version-history":[{"count":8,"href":"https:\/\/sun-sea-living.com\/hr\/wp-json\/wp\/v2\/pages\/1146\/revisions"}],"predecessor-version":[{"id":2267,"href":"https:\/\/sun-sea-living.com\/hr\/wp-json\/wp\/v2\/pages\/1146\/revisions\/2267"}],"wp:attachment":[{"href":"https:\/\/sun-sea-living.com\/hr\/wp-json\/wp\/v2\/media?parent=1146"}],"curies":[{"name":"wp","href":"https:\/\/api.w.org\/{rel}","templated":true}]}}