{"id":1154,"date":"2025-04-28T23:08:21","date_gmt":"2025-04-28T21:08:21","guid":{"rendered":"https:\/\/sun-sea-living.com\/kontakt\/"},"modified":"2025-06-07T12:51:44","modified_gmt":"2025-06-07T10:51:44","slug":"kontakt","status":"publish","type":"page","link":"https:\/\/sun-sea-living.com\/hr\/kontakt\/","title":{"rendered":"kontakt"},"content":{"rendered":"\t\t<div data-elementor-type=\"wp-page\" data-elementor-id=\"1154\" class=\"elementor elementor-1154 elementor-345\" data-elementor-post-type=\"page\">\n\t\t\t\t<div class=\"elementor-element elementor-element-3820a47 e-flex e-con-boxed e-con e-parent\" data-id=\"3820a47\" data-element_type=\"container\" data-e-type=\"container\" data-settings=\"{&quot;background_background&quot;:&quot;classic&quot;}\">\n\t\t\t\t\t<div class=\"e-con-inner\">\n\t\t\t\t<div class=\"elementor-element elementor-element-0f2afaf elementor-widget elementor-widget-heading\" data-id=\"0f2afaf\" data-element_type=\"widget\" data-e-type=\"widget\" data-widget_type=\"heading.default\">\n\t\t\t\t<div class=\"elementor-widget-container\">\n\t\t\t\t\t<h2 class=\"elementor-heading-title elementor-size-default\">Kontaktirajte nas<\/h2>\t\t\t\t<\/div>\n\t\t\t\t<\/div>\n\t\t\t\t<div class=\"elementor-element elementor-element-dc3627b elementor-widget elementor-widget-text-editor\" data-id=\"dc3627b\" data-element_type=\"widget\" data-e-type=\"widget\" data-widget_type=\"text-editor.default\">\n\t\t\t\t<div class=\"elementor-widget-container\">\n\t\t\t\t\t\t\t\t\t<p>Veselimo se Va\u0161em odgovoru! Jednostavno ispunite sljede\u0107i obrazac. <\/p>\t\t\t\t\t\t\t\t<\/div>\n\t\t\t\t<\/div>\n\t\t\t\t<div class=\"elementor-element elementor-element-66a0d73 elementor-widget elementor-widget-wpforms\" data-id=\"66a0d73\" data-element_type=\"widget\" data-e-type=\"widget\" data-widget_type=\"wpforms.default\">\n\t\t\t\t<div class=\"elementor-widget-container\">\n\t\t\t\t\t<style id=\"wpforms-css-vars-elementor-widget-66a0d73\">\n\t\t\t\t.elementor-widget-wpforms.elementor-element-66a0d73 {\n\t\t\t\t--wpforms-field-border-radius: 4px;\n--wpforms-field-background-color: #B3905817;\n--wpforms-field-border-color: #020B2A;\n--wpforms-field-border-color-spare: #020B2A;\n--wpforms-button-background-color: #020B2A;\n\t\t\t}\n\t\t\t<\/style><div class=\"wpforms-container wpforms-container-full wpforms-render-modern\" id=\"wpforms-352\"><form id=\"wpforms-form-352\" class=\"wpforms-validate wpforms-form wpforms-ajax-form\" data-formid=\"352\" method=\"post\" enctype=\"multipart\/form-data\" action=\"\/hr\/wp-json\/wp\/v2\/pages\/1154\" data-token=\"794cb5027acedab502e42f77e9977005\" data-token-time=\"1776387805\"><noscript class=\"wpforms-error-noscript\">Please enable JavaScript in your browser to complete this form.<\/noscript><div id=\"wpforms-error-noscript\" style=\"display: none;\">Please enable JavaScript in your browser to complete this form.<\/div><div class=\"wpforms-field-container\"><div id=\"wpforms-352-field_1-container\" class=\"wpforms-field wpforms-field-name\" data-field-id=\"1\"><label class=\"wpforms-field-label\" for=\"wpforms-352-field_1\">ime <span class=\"wpforms-required-label\" aria-hidden=\"true\">*<\/span><\/label><input type=\"text\" id=\"wpforms-352-field_1\" class=\"wpforms-field-medium wpforms-field-required\" name=\"wpforms[fields][1]\" placeholder=\"  Molimo unesite svoje puno ime i prezime ovdje.\" aria-errormessage=\"wpforms-352-field_1-error\" required><\/div>\t\t<div id=\"wpforms-352-field_4-container\"\n\t\t\tclass=\"wpforms-field wpforms-field-text\"\n\t\t\tdata-field-type=\"text\"\n\t\t\tdata-field-id=\"4\"\n\t\t\t>\n\t\t\t<label class=\"wpforms-field-label\" for=\"wpforms-352-field_4\" >podataka: o E-mail<\/label>\n\t\t\t<input type=\"text\" id=\"wpforms-352-field_4\" class=\"wpforms-field-medium\" name=\"wpforms[fields][4]\" >\n\t\t<\/div>\n\t\t<div id=\"wpforms-352-field_2-container\" class=\"wpforms-field wpforms-field-email\" data-field-id=\"2\"><label class=\"wpforms-field-label\" for=\"wpforms-352-field_2\">E-mail adresa <span class=\"wpforms-required-label\" aria-hidden=\"true\">*<\/span><\/label><input type=\"email\" id=\"wpforms-352-field_2\" class=\"wpforms-field-medium wpforms-field-required\" name=\"wpforms[fields][2]\" placeholder=\"Mo\u017eemo vas kontaktirati na ovoj adresi.\" spellcheck=\"false\" aria-errormessage=\"wpforms-352-field_2-error\" required><\/div><div id=\"wpforms-352-field_3-container\" class=\"wpforms-field wpforms-field-textarea\" data-field-id=\"3\"><label class=\"wpforms-field-label\" for=\"wpforms-352-field_3\">Vijesti <span class=\"wpforms-required-label\" aria-hidden=\"true\">*<\/span><\/label><textarea id=\"wpforms-352-field_3\" class=\"wpforms-field-medium wpforms-field-required\" name=\"wpforms[fields][3]\" placeholder=\"Opi\u0161ite svoju zabrinutost \u0161to je preciznije mogu\u0107e.\" aria-errormessage=\"wpforms-352-field_3-error\" required><\/textarea><\/div><div id=\"wpforms-352-field_6-container\" class=\"wpforms-field wpforms-field-checkbox\" data-field-id=\"6\"><fieldset><legend class=\"wpforms-field-label\">Obavijest o za\u0161titi podataka: <span class=\"wpforms-required-label\" aria-hidden=\"true\">*<\/span><\/legend><ul id=\"wpforms-352-field_6\" class=\"wpforms-field-required\"><li class=\"choice-1 depth-1\"><input type=\"checkbox\" id=\"wpforms-352-field_6_1\" name=\"wpforms[fields][6][]\" value=\"Va\u0161e podatke koristit \u0107emo isklju\u010divo za obradu va\u0161eg zahtjeva i ne\u0107emo ih proslje\u0111ivati \u200b\u200btre\u0107im stranama. Vi\u0161e informacija mo\u017eete prona\u0107i u na\u0161oj politici privatnosti. \" aria-errormessage=\"wpforms-352-field_6_1-error\" required ><label class=\"wpforms-field-label-inline\" for=\"wpforms-352-field_6_1\">Va\u0161e podatke koristit \u0107emo isklju\u010divo za obradu va\u0161eg zahtjeva i ne\u0107emo ih proslje\u0111ivati \u200b\u200btre\u0107im stranama. Vi\u0161e informacija mo\u017eete prona\u0107i u na\u0161oj politici privatnosti.<\/label><\/li><\/ul><\/fieldset><\/div><script>\n\t\t\t\t( function() {\n\t\t\t\t\tconst style = document.createElement( 'style' );\n\t\t\t\t\tstyle.appendChild( document.createTextNode( '#wpforms-352-field_4-container { position: absolute !important; overflow: hidden !important; display: inline !important; height: 1px !important; width: 1px !important; z-index: -1000 !important; padding: 0 !important; } #wpforms-352-field_4-container input { visibility: hidden; } #wpforms-conversational-form-page #wpforms-352-field_4-container label { counter-increment: none; }' ) );\n\t\t\t\t\tdocument.head.appendChild( style );\n\t\t\t\t\tdocument.currentScript?.remove();\n\t\t\t\t} )();\n\t\t\t<\/script><\/div><!-- .wpforms-field-container --><div class=\"wpforms-recaptcha-container wpforms-is-hcaptcha\" ><div class=\"h-captcha\" data-sitekey=\"6182c194-06c4-4942-86f0-f536350477b6\"><\/div><input type=\"text\" name=\"g-recaptcha-hidden\" class=\"wpforms-recaptcha-hidden\" style=\"position:absolute!important;clip:rect(0,0,0,0)!important;height:1px!important;width:1px!important;border:0!important;overflow:hidden!important;padding:0!important;margin:0!important;\" data-rule-hcaptcha=\"1\"><\/div><div class=\"wpforms-submit-container\" ><input type=\"hidden\" name=\"wpforms[id]\" value=\"352\"><input type=\"hidden\" name=\"page_title\" value=\"\"><input type=\"hidden\" name=\"page_url\" value=\"https:\/\/sun-sea-living.com\/hr\/wp-json\/wp\/v2\/pages\/1154\"><input type=\"hidden\" name=\"url_referer\" value=\"\"><button type=\"submit\" name=\"wpforms[submit]\" id=\"wpforms-submit-352\" class=\"wpforms-submit\" data-alt-text=\"Bit \u0107e poslano...\" data-submit-text=\"Po\u0161alji\" aria-live=\"assertive\" value=\"wpforms-submit\">Po\u0161alji<\/button><img decoding=\"async\" src=\"https:\/\/sun-sea-living.com\/wp-content\/plugins\/wpforms-lite\/assets\/images\/submit-spin.svg\" class=\"wpforms-submit-spinner\" style=\"display: none;\" width=\"26\" height=\"26\" alt=\"Loading\"><\/div><\/form><\/div>  <!-- .wpforms-container -->\t\t\t\t<\/div>\n\t\t\t\t<\/div>\n\t\t\t\t\t<\/div>\n\t\t\t\t<\/div>\n\t\t\t\t<\/div>\n\t\t","protected":false},"excerpt":{"rendered":"<p>Kontaktirajte nas Veselimo se Va\u0161em odgovoru! Jednostavno ispunite sljede\u0107i obrazac. Bitte aktiviere JavaScript in deinem Browser, um dieses Formular fertigzustellen.Bitte aktiviere JavaScript in deinem Browser, um dieses Formular fertigzustellen.Name *E-Mail-Adresse *Nachricht * Datenschutz-Hinweis: * Deine Daten verwenden wir ausschlie\u00dflich zur Bearbeitung Deiner Anfrage und geben sie nicht an Dritte weiter. Mehr Infos findest Du in [&hellip;]<\/p>\n","protected":false},"author":1,"featured_media":0,"parent":0,"menu_order":0,"comment_status":"closed","ping_status":"closed","template":"elementor_header_footer","meta":{"footnotes":""},"class_list":["post-1154","page","type-page","status-publish","hentry"],"yoast_head":"<!-- This site is optimized with the Yoast SEO plugin v27.4 - https:\/\/yoast.com\/product\/yoast-seo-wordpress\/ -->\n<title>Kontakt \u2013 Apartmani za odmor u Hrvatskoj | Sun &amp; Sea Living<\/title>\n<meta name=\"description\" content=\"Imate li bilo kakvih pitanja o na\u0161im apartmanima ili ne\u010dem drugom? Koristite kontakt obrazac ili nam pi\u0161ite izravno \u2013 javit \u0107emo vam se u najkra\u0107em mogu\u0107em roku.\" \/>\n<meta name=\"robots\" content=\"index, follow, max-snippet:-1, max-image-preview:large, max-video-preview:-1\" \/>\n<link rel=\"canonical\" href=\"https:\/\/sun-sea-living.com\/hr\/kontakt\/\" \/>\n<meta property=\"og:locale\" content=\"hr_HR\" \/>\n<meta property=\"og:type\" content=\"article\" \/>\n<meta property=\"og:title\" content=\"Kontakt \u2013 Kontaktirajte Sun &amp; Sea Living odmah\" \/>\n<meta property=\"og:description\" content=\"Imate li pitanja o va\u0161oj rezervaciji ili na\u0161im apartmanima u Hrvatskoj? Kontaktirajte nas putem kontakt obrasca \u2013 odgovorit \u0107emo vam brzo i osobno.\" \/>\n<meta property=\"og:url\" content=\"https:\/\/sun-sea-living.com\/hr\/kontakt\/\" \/>\n<meta property=\"og:site_name\" content=\"Sun Sea Living\" \/>\n<meta property=\"article:publisher\" content=\"https:\/\/www.facebook.com\/share\/1EcjE6evMA\/?mibextid=wwXIfr\" \/>\n<meta property=\"article:modified_time\" content=\"2025-06-07T10:51:44+00:00\" \/>\n<meta property=\"og:image\" content=\"https:\/\/sun-sea-living.com\/wp-content\/uploads\/2025\/03\/Logo-1024x874.webp\" \/>\n<meta name=\"twitter:card\" content=\"summary_large_image\" \/>\n<script type=\"application\/ld+json\" class=\"yoast-schema-graph\">{\"@context\":\"https:\\\/\\\/schema.org\",\"@graph\":[{\"@type\":\"WebPage\",\"@id\":\"https:\\\/\\\/sun-sea-living.com\\\/hr\\\/kontakt\\\/\",\"url\":\"https:\\\/\\\/sun-sea-living.com\\\/hr\\\/kontakt\\\/\",\"name\":\"Kontakt \u2013 Apartmani za odmor u Hrvatskoj | Sun & Sea Living\",\"isPartOf\":{\"@id\":\"https:\\\/\\\/sun-sea-living.com\\\/hr\\\/#website\"},\"primaryImageOfPage\":{\"@id\":\"https:\\\/\\\/sun-sea-living.com\\\/hr\\\/kontakt\\\/#primaryimage\"},\"image\":{\"@id\":\"https:\\\/\\\/sun-sea-living.com\\\/hr\\\/kontakt\\\/#primaryimage\"},\"thumbnailUrl\":\"https:\\\/\\\/sun-sea-living.com\\\/wp-content\\\/plugins\\\/wpforms-lite\\\/assets\\\/images\\\/submit-spin.svg\",\"datePublished\":\"2025-04-28T21:08:21+00:00\",\"dateModified\":\"2025-06-07T10:51:44+00:00\",\"description\":\"Imate li bilo kakvih pitanja o na\u0161im apartmanima ili ne\u010dem drugom? Koristite kontakt obrazac ili nam pi\u0161ite izravno \u2013 javit \u0107emo vam se u najkra\u0107em mogu\u0107em roku.\",\"breadcrumb\":{\"@id\":\"https:\\\/\\\/sun-sea-living.com\\\/hr\\\/kontakt\\\/#breadcrumb\"},\"inLanguage\":\"hr\",\"potentialAction\":[{\"@type\":\"ReadAction\",\"target\":[\"https:\\\/\\\/sun-sea-living.com\\\/hr\\\/kontakt\\\/\"]}]},{\"@type\":\"ImageObject\",\"inLanguage\":\"hr\",\"@id\":\"https:\\\/\\\/sun-sea-living.com\\\/hr\\\/kontakt\\\/#primaryimage\",\"url\":\"https:\\\/\\\/sun-sea-living.com\\\/wp-content\\\/plugins\\\/wpforms-lite\\\/assets\\\/images\\\/submit-spin.svg\",\"contentUrl\":\"https:\\\/\\\/sun-sea-living.com\\\/wp-content\\\/plugins\\\/wpforms-lite\\\/assets\\\/images\\\/submit-spin.svg\"},{\"@type\":\"BreadcrumbList\",\"@id\":\"https:\\\/\\\/sun-sea-living.com\\\/hr\\\/kontakt\\\/#breadcrumb\",\"itemListElement\":[{\"@type\":\"ListItem\",\"position\":1,\"name\":\"Startseite\",\"item\":\"https:\\\/\\\/sun-sea-living.com\\\/hr\\\/dom\\\/\"},{\"@type\":\"ListItem\",\"position\":2,\"name\":\"kontakt\"}]},{\"@type\":\"WebSite\",\"@id\":\"https:\\\/\\\/sun-sea-living.com\\\/hr\\\/#website\",\"url\":\"https:\\\/\\\/sun-sea-living.com\\\/hr\\\/\",\"name\":\"Sun Sea Living\",\"description\":\"\",\"publisher\":{\"@id\":\"https:\\\/\\\/sun-sea-living.com\\\/hr\\\/#organization\"},\"potentialAction\":[{\"@type\":\"SearchAction\",\"target\":{\"@type\":\"EntryPoint\",\"urlTemplate\":\"https:\\\/\\\/sun-sea-living.com\\\/hr\\\/?s={search_term_string}\"},\"query-input\":{\"@type\":\"PropertyValueSpecification\",\"valueRequired\":true,\"valueName\":\"search_term_string\"}}],\"inLanguage\":\"hr\"},{\"@type\":\"Organization\",\"@id\":\"https:\\\/\\\/sun-sea-living.com\\\/hr\\\/#organization\",\"name\":\"Sun Sea Living\",\"url\":\"https:\\\/\\\/sun-sea-living.com\\\/hr\\\/\",\"logo\":{\"@type\":\"ImageObject\",\"inLanguage\":\"hr\",\"@id\":\"https:\\\/\\\/sun-sea-living.com\\\/hr\\\/#\\\/schema\\\/logo\\\/image\\\/\",\"url\":\"https:\\\/\\\/sun-sea-living.com\\\/wp-content\\\/uploads\\\/2025\\\/03\\\/Logo.webp\",\"contentUrl\":\"https:\\\/\\\/sun-sea-living.com\\\/wp-content\\\/uploads\\\/2025\\\/03\\\/Logo.webp\",\"width\":1171,\"height\":1000,\"caption\":\"Sun Sea Living\"},\"image\":{\"@id\":\"https:\\\/\\\/sun-sea-living.com\\\/hr\\\/#\\\/schema\\\/logo\\\/image\\\/\"},\"sameAs\":[\"https:\\\/\\\/www.facebook.com\\\/share\\\/1EcjE6evMA\\\/?mibextid=wwXIfr\",\"https:\\\/\\\/www.instagram.com\\\/sunsealivingzadar\",\"https:\\\/\\\/www.youtube.com\\\/@SunSeaLiving\"]}]}<\/script>\n<!-- \/ Yoast SEO plugin. -->","yoast_head_json":{"title":"Kontakt \u2013 Apartmani za odmor u Hrvatskoj | Sun & Sea Living","description":"Imate li bilo kakvih pitanja o na\u0161im apartmanima ili ne\u010dem drugom? Koristite kontakt obrazac ili nam pi\u0161ite izravno \u2013 javit \u0107emo vam se u najkra\u0107em mogu\u0107em roku.","robots":{"index":"index","follow":"follow","max-snippet":"max-snippet:-1","max-image-preview":"max-image-preview:large","max-video-preview":"max-video-preview:-1"},"canonical":"https:\/\/sun-sea-living.com\/hr\/kontakt\/","og_locale":"hr_HR","og_type":"article","og_title":"Kontakt \u2013 Kontaktirajte Sun & Sea Living odmah","og_description":"Imate li pitanja o va\u0161oj rezervaciji ili na\u0161im apartmanima u Hrvatskoj? Kontaktirajte nas putem kontakt obrasca \u2013 odgovorit \u0107emo vam brzo i osobno.","og_url":"https:\/\/sun-sea-living.com\/hr\/kontakt\/","og_site_name":"Sun Sea Living","article_publisher":"https:\/\/www.facebook.com\/share\/1EcjE6evMA\/?mibextid=wwXIfr","article_modified_time":"2025-06-07T10:51:44+00:00","og_image":[{"url":"https:\/\/sun-sea-living.com\/wp-content\/uploads\/2025\/03\/Logo-1024x874.webp","type":"","width":"","height":""}],"twitter_card":"summary_large_image","schema":{"@context":"https:\/\/schema.org","@graph":[{"@type":"WebPage","@id":"https:\/\/sun-sea-living.com\/hr\/kontakt\/","url":"https:\/\/sun-sea-living.com\/hr\/kontakt\/","name":"Kontakt \u2013 Apartmani za odmor u Hrvatskoj | Sun & Sea Living","isPartOf":{"@id":"https:\/\/sun-sea-living.com\/hr\/#website"},"primaryImageOfPage":{"@id":"https:\/\/sun-sea-living.com\/hr\/kontakt\/#primaryimage"},"image":{"@id":"https:\/\/sun-sea-living.com\/hr\/kontakt\/#primaryimage"},"thumbnailUrl":"https:\/\/sun-sea-living.com\/wp-content\/plugins\/wpforms-lite\/assets\/images\/submit-spin.svg","datePublished":"2025-04-28T21:08:21+00:00","dateModified":"2025-06-07T10:51:44+00:00","description":"Imate li bilo kakvih pitanja o na\u0161im apartmanima ili ne\u010dem drugom? Koristite kontakt obrazac ili nam pi\u0161ite izravno \u2013 javit \u0107emo vam se u najkra\u0107em mogu\u0107em roku.","breadcrumb":{"@id":"https:\/\/sun-sea-living.com\/hr\/kontakt\/#breadcrumb"},"inLanguage":"hr","potentialAction":[{"@type":"ReadAction","target":["https:\/\/sun-sea-living.com\/hr\/kontakt\/"]}]},{"@type":"ImageObject","inLanguage":"hr","@id":"https:\/\/sun-sea-living.com\/hr\/kontakt\/#primaryimage","url":"https:\/\/sun-sea-living.com\/wp-content\/plugins\/wpforms-lite\/assets\/images\/submit-spin.svg","contentUrl":"https:\/\/sun-sea-living.com\/wp-content\/plugins\/wpforms-lite\/assets\/images\/submit-spin.svg"},{"@type":"BreadcrumbList","@id":"https:\/\/sun-sea-living.com\/hr\/kontakt\/#breadcrumb","itemListElement":[{"@type":"ListItem","position":1,"name":"Startseite","item":"https:\/\/sun-sea-living.com\/hr\/dom\/"},{"@type":"ListItem","position":2,"name":"kontakt"}]},{"@type":"WebSite","@id":"https:\/\/sun-sea-living.com\/hr\/#website","url":"https:\/\/sun-sea-living.com\/hr\/","name":"Sun Sea Living","description":"","publisher":{"@id":"https:\/\/sun-sea-living.com\/hr\/#organization"},"potentialAction":[{"@type":"SearchAction","target":{"@type":"EntryPoint","urlTemplate":"https:\/\/sun-sea-living.com\/hr\/?s={search_term_string}"},"query-input":{"@type":"PropertyValueSpecification","valueRequired":true,"valueName":"search_term_string"}}],"inLanguage":"hr"},{"@type":"Organization","@id":"https:\/\/sun-sea-living.com\/hr\/#organization","name":"Sun Sea Living","url":"https:\/\/sun-sea-living.com\/hr\/","logo":{"@type":"ImageObject","inLanguage":"hr","@id":"https:\/\/sun-sea-living.com\/hr\/#\/schema\/logo\/image\/","url":"https:\/\/sun-sea-living.com\/wp-content\/uploads\/2025\/03\/Logo.webp","contentUrl":"https:\/\/sun-sea-living.com\/wp-content\/uploads\/2025\/03\/Logo.webp","width":1171,"height":1000,"caption":"Sun Sea Living"},"image":{"@id":"https:\/\/sun-sea-living.com\/hr\/#\/schema\/logo\/image\/"},"sameAs":["https:\/\/www.facebook.com\/share\/1EcjE6evMA\/?mibextid=wwXIfr","https:\/\/www.instagram.com\/sunsealivingzadar","https:\/\/www.youtube.com\/@SunSeaLiving"]}]}},"_links":{"self":[{"href":"https:\/\/sun-sea-living.com\/hr\/wp-json\/wp\/v2\/pages\/1154","targetHints":{"allow":["GET"]}}],"collection":[{"href":"https:\/\/sun-sea-living.com\/hr\/wp-json\/wp\/v2\/pages"}],"about":[{"href":"https:\/\/sun-sea-living.com\/hr\/wp-json\/wp\/v2\/types\/page"}],"author":[{"embeddable":true,"href":"https:\/\/sun-sea-living.com\/hr\/wp-json\/wp\/v2\/users\/1"}],"replies":[{"embeddable":true,"href":"https:\/\/sun-sea-living.com\/hr\/wp-json\/wp\/v2\/comments?post=1154"}],"version-history":[{"count":4,"href":"https:\/\/sun-sea-living.com\/hr\/wp-json\/wp\/v2\/pages\/1154\/revisions"}],"predecessor-version":[{"id":1577,"href":"https:\/\/sun-sea-living.com\/hr\/wp-json\/wp\/v2\/pages\/1154\/revisions\/1577"}],"wp:attachment":[{"href":"https:\/\/sun-sea-living.com\/hr\/wp-json\/wp\/v2\/media?parent=1154"}],"curies":[{"name":"wp","href":"https:\/\/api.w.org\/{rel}","templated":true}]}}