{"id":1164,"date":"2025-04-30T21:58:06","date_gmt":"2025-04-30T19:58:06","guid":{"rendered":"https:\/\/sun-sea-living.com\/otisak\/"},"modified":"2025-08-31T13:01:30","modified_gmt":"2025-08-31T11:01:30","slug":"otisak","status":"publish","type":"page","link":"https:\/\/sun-sea-living.com\/hr\/otisak\/","title":{"rendered":"otisak"},"content":{"rendered":"\t\t<div data-elementor-type=\"wp-page\" data-elementor-id=\"1164\" class=\"elementor elementor-1164 elementor-430\" data-elementor-post-type=\"page\">\n\t\t\t\t<div class=\"elementor-element elementor-element-3820a47 e-flex e-con-boxed e-con e-parent\" data-id=\"3820a47\" data-element_type=\"container\" data-e-type=\"container\" data-settings=\"{&quot;background_background&quot;:&quot;classic&quot;}\">\n\t\t\t\t\t<div class=\"e-con-inner\">\n\t\t\t\t<div class=\"elementor-element elementor-element-0f2afaf elementor-widget elementor-widget-heading\" data-id=\"0f2afaf\" data-element_type=\"widget\" data-e-type=\"widget\" data-widget_type=\"heading.default\">\n\t\t\t\t<div class=\"elementor-widget-container\">\n\t\t\t\t\t<h2 class=\"elementor-heading-title elementor-size-default\">otisak<\/h2>\t\t\t\t<\/div>\n\t\t\t\t<\/div>\n\t\t\t\t\t<\/div>\n\t\t\t\t<\/div>\n\t\t<div class=\"elementor-element elementor-element-cf91f82 e-flex e-con-boxed e-con e-parent\" data-id=\"cf91f82\" data-element_type=\"container\" data-e-type=\"container\">\n\t\t\t\t\t<div class=\"e-con-inner\">\n\t\t\t\t<div class=\"elementor-element elementor-element-612cef4 elementor-widget elementor-widget-text-editor\" data-id=\"612cef4\" data-element_type=\"widget\" data-e-type=\"widget\" data-widget_type=\"text-editor.default\">\n\t\t\t\t<div class=\"elementor-widget-container\">\n\t\t\t\t\t\t\t\t\t<p>Sun &amp; Sea Living, od Mirka Kedenburga<br> Huberta Borrelija 8<br> 23207 Sv. Filip i Jakov  <\/p><h2>kontakt<\/h2><p>Telefon: +491737854109<br> E-po\u0161ta: hey@sun-sea-living.com<\/p><h2>PDV broj<\/h2><p>PDV identifikacijski broj prema \u010dlanku 27a Zakona o PDV-u:<br> HR21720163228<\/p><h2>Odbor za rje\u0161avanje potro\u0161a\u010dkih sporova\/univerzalni arbitra\u017eni odbor<\/h2><p>Nismo voljni niti obvezni sudjelovati u postupcima rje\u0161avanja sporova pred arbitra\u017enim odborom za potro\u0161a\u010de.<\/p>\t\t\t\t\t\t\t\t<\/div>\n\t\t\t\t<\/div>\n\t\t\t\t\t<\/div>\n\t\t\t\t<\/div>\n\t\t\t\t<\/div>\n\t\t","protected":false},"excerpt":{"rendered":"<p>otisak Sun &amp; Sea Living, od Mirka Kedenburga Huberta Borrelija 8 23207 Sv. Filip i Jakov kontakt Telefon: +491737854109 E-po\u0161ta: hey@sun-sea-living.com PDV broj PDV identifikacijski broj prema \u010dlanku 27a Zakona o PDV-u: HR21720163228 Odbor za rje\u0161avanje potro\u0161a\u010dkih sporova\/univerzalni arbitra\u017eni odbor Nismo voljni niti obvezni sudjelovati u postupcima rje\u0161avanja sporova pred arbitra\u017enim odborom za potro\u0161a\u010de.<\/p>\n","protected":false},"author":1,"featured_media":0,"parent":0,"menu_order":0,"comment_status":"closed","ping_status":"closed","template":"elementor_header_footer","meta":{"footnotes":""},"class_list":["post-1164","page","type-page","status-publish","hentry"],"yoast_head":"<!-- This site is optimized with the Yoast SEO plugin v27.4 - https:\/\/yoast.com\/product\/yoast-seo-wordpress\/ -->\n<title>otisak - Sun Sea Living<\/title>\n<meta name=\"robots\" content=\"noindex, follow\" \/>\n<meta property=\"og:locale\" content=\"hr_HR\" \/>\n<meta property=\"og:type\" content=\"article\" \/>\n<meta property=\"og:title\" content=\"otisak - Sun Sea Living\" \/>\n<meta property=\"og:description\" content=\"otisak Sun &amp; Sea Living, od Mirka Kedenburga Huberta Borrelija 8 23207 Sv. Filip i Jakov kontakt Telefon: +491737854109 E-po\u0161ta: hey@sun-sea-living.com PDV broj PDV identifikacijski broj prema \u010dlanku 27a Zakona o PDV-u: HR21720163228 Odbor za rje\u0161avanje potro\u0161a\u010dkih sporova\/univerzalni arbitra\u017eni odbor Nismo voljni niti obvezni sudjelovati u postupcima rje\u0161avanja sporova pred arbitra\u017enim odborom za potro\u0161a\u010de.\" \/>\n<meta property=\"og:url\" content=\"https:\/\/sun-sea-living.com\/hr\/otisak\/\" \/>\n<meta property=\"og:site_name\" content=\"Sun Sea Living\" \/>\n<meta property=\"article:publisher\" content=\"https:\/\/www.facebook.com\/share\/1EcjE6evMA\/?mibextid=wwXIfr\" \/>\n<meta property=\"article:modified_time\" content=\"2025-08-31T11:01:30+00:00\" \/>\n<meta name=\"twitter:card\" content=\"summary_large_image\" \/>\n<script type=\"application\/ld+json\" class=\"yoast-schema-graph\">{\"@context\":\"https:\\\/\\\/schema.org\",\"@graph\":[{\"@type\":\"WebPage\",\"@id\":\"https:\\\/\\\/sun-sea-living.com\\\/hr\\\/otisak\\\/\",\"url\":\"https:\\\/\\\/sun-sea-living.com\\\/hr\\\/otisak\\\/\",\"name\":\"otisak - Sun Sea Living\",\"isPartOf\":{\"@id\":\"https:\\\/\\\/sun-sea-living.com\\\/hr\\\/#website\"},\"datePublished\":\"2025-04-30T19:58:06+00:00\",\"dateModified\":\"2025-08-31T11:01:30+00:00\",\"breadcrumb\":{\"@id\":\"https:\\\/\\\/sun-sea-living.com\\\/hr\\\/otisak\\\/#breadcrumb\"},\"inLanguage\":\"hr\",\"potentialAction\":[{\"@type\":\"ReadAction\",\"target\":[\"https:\\\/\\\/sun-sea-living.com\\\/hr\\\/otisak\\\/\"]}]},{\"@type\":\"BreadcrumbList\",\"@id\":\"https:\\\/\\\/sun-sea-living.com\\\/hr\\\/otisak\\\/#breadcrumb\",\"itemListElement\":[{\"@type\":\"ListItem\",\"position\":1,\"name\":\"Startseite\",\"item\":\"https:\\\/\\\/sun-sea-living.com\\\/hr\\\/dom\\\/\"},{\"@type\":\"ListItem\",\"position\":2,\"name\":\"otisak\"}]},{\"@type\":\"WebSite\",\"@id\":\"https:\\\/\\\/sun-sea-living.com\\\/hr\\\/#website\",\"url\":\"https:\\\/\\\/sun-sea-living.com\\\/hr\\\/\",\"name\":\"Sun Sea Living\",\"description\":\"\",\"publisher\":{\"@id\":\"https:\\\/\\\/sun-sea-living.com\\\/hr\\\/#organization\"},\"potentialAction\":[{\"@type\":\"SearchAction\",\"target\":{\"@type\":\"EntryPoint\",\"urlTemplate\":\"https:\\\/\\\/sun-sea-living.com\\\/hr\\\/?s={search_term_string}\"},\"query-input\":{\"@type\":\"PropertyValueSpecification\",\"valueRequired\":true,\"valueName\":\"search_term_string\"}}],\"inLanguage\":\"hr\"},{\"@type\":\"Organization\",\"@id\":\"https:\\\/\\\/sun-sea-living.com\\\/hr\\\/#organization\",\"name\":\"Sun Sea Living\",\"url\":\"https:\\\/\\\/sun-sea-living.com\\\/hr\\\/\",\"logo\":{\"@type\":\"ImageObject\",\"inLanguage\":\"hr\",\"@id\":\"https:\\\/\\\/sun-sea-living.com\\\/hr\\\/#\\\/schema\\\/logo\\\/image\\\/\",\"url\":\"https:\\\/\\\/sun-sea-living.com\\\/wp-content\\\/uploads\\\/2025\\\/03\\\/Logo.webp\",\"contentUrl\":\"https:\\\/\\\/sun-sea-living.com\\\/wp-content\\\/uploads\\\/2025\\\/03\\\/Logo.webp\",\"width\":1171,\"height\":1000,\"caption\":\"Sun Sea Living\"},\"image\":{\"@id\":\"https:\\\/\\\/sun-sea-living.com\\\/hr\\\/#\\\/schema\\\/logo\\\/image\\\/\"},\"sameAs\":[\"https:\\\/\\\/www.facebook.com\\\/share\\\/1EcjE6evMA\\\/?mibextid=wwXIfr\",\"https:\\\/\\\/www.instagram.com\\\/sunsealivingzadar\",\"https:\\\/\\\/www.youtube.com\\\/@SunSeaLiving\"]}]}<\/script>\n<!-- \/ Yoast SEO plugin. -->","yoast_head_json":{"title":"otisak - Sun Sea Living","robots":{"index":"noindex","follow":"follow"},"og_locale":"hr_HR","og_type":"article","og_title":"otisak - Sun Sea Living","og_description":"otisak Sun &amp; Sea Living, od Mirka Kedenburga Huberta Borrelija 8 23207 Sv. Filip i Jakov kontakt Telefon: +491737854109 E-po\u0161ta: hey@sun-sea-living.com PDV broj PDV identifikacijski broj prema \u010dlanku 27a Zakona o PDV-u: HR21720163228 Odbor za rje\u0161avanje potro\u0161a\u010dkih sporova\/univerzalni arbitra\u017eni odbor Nismo voljni niti obvezni sudjelovati u postupcima rje\u0161avanja sporova pred arbitra\u017enim odborom za potro\u0161a\u010de.","og_url":"https:\/\/sun-sea-living.com\/hr\/otisak\/","og_site_name":"Sun Sea Living","article_publisher":"https:\/\/www.facebook.com\/share\/1EcjE6evMA\/?mibextid=wwXIfr","article_modified_time":"2025-08-31T11:01:30+00:00","twitter_card":"summary_large_image","schema":{"@context":"https:\/\/schema.org","@graph":[{"@type":"WebPage","@id":"https:\/\/sun-sea-living.com\/hr\/otisak\/","url":"https:\/\/sun-sea-living.com\/hr\/otisak\/","name":"otisak - Sun Sea Living","isPartOf":{"@id":"https:\/\/sun-sea-living.com\/hr\/#website"},"datePublished":"2025-04-30T19:58:06+00:00","dateModified":"2025-08-31T11:01:30+00:00","breadcrumb":{"@id":"https:\/\/sun-sea-living.com\/hr\/otisak\/#breadcrumb"},"inLanguage":"hr","potentialAction":[{"@type":"ReadAction","target":["https:\/\/sun-sea-living.com\/hr\/otisak\/"]}]},{"@type":"BreadcrumbList","@id":"https:\/\/sun-sea-living.com\/hr\/otisak\/#breadcrumb","itemListElement":[{"@type":"ListItem","position":1,"name":"Startseite","item":"https:\/\/sun-sea-living.com\/hr\/dom\/"},{"@type":"ListItem","position":2,"name":"otisak"}]},{"@type":"WebSite","@id":"https:\/\/sun-sea-living.com\/hr\/#website","url":"https:\/\/sun-sea-living.com\/hr\/","name":"Sun Sea Living","description":"","publisher":{"@id":"https:\/\/sun-sea-living.com\/hr\/#organization"},"potentialAction":[{"@type":"SearchAction","target":{"@type":"EntryPoint","urlTemplate":"https:\/\/sun-sea-living.com\/hr\/?s={search_term_string}"},"query-input":{"@type":"PropertyValueSpecification","valueRequired":true,"valueName":"search_term_string"}}],"inLanguage":"hr"},{"@type":"Organization","@id":"https:\/\/sun-sea-living.com\/hr\/#organization","name":"Sun Sea Living","url":"https:\/\/sun-sea-living.com\/hr\/","logo":{"@type":"ImageObject","inLanguage":"hr","@id":"https:\/\/sun-sea-living.com\/hr\/#\/schema\/logo\/image\/","url":"https:\/\/sun-sea-living.com\/wp-content\/uploads\/2025\/03\/Logo.webp","contentUrl":"https:\/\/sun-sea-living.com\/wp-content\/uploads\/2025\/03\/Logo.webp","width":1171,"height":1000,"caption":"Sun Sea Living"},"image":{"@id":"https:\/\/sun-sea-living.com\/hr\/#\/schema\/logo\/image\/"},"sameAs":["https:\/\/www.facebook.com\/share\/1EcjE6evMA\/?mibextid=wwXIfr","https:\/\/www.instagram.com\/sunsealivingzadar","https:\/\/www.youtube.com\/@SunSeaLiving"]}]}},"_links":{"self":[{"href":"https:\/\/sun-sea-living.com\/hr\/wp-json\/wp\/v2\/pages\/1164","targetHints":{"allow":["GET"]}}],"collection":[{"href":"https:\/\/sun-sea-living.com\/hr\/wp-json\/wp\/v2\/pages"}],"about":[{"href":"https:\/\/sun-sea-living.com\/hr\/wp-json\/wp\/v2\/types\/page"}],"author":[{"embeddable":true,"href":"https:\/\/sun-sea-living.com\/hr\/wp-json\/wp\/v2\/users\/1"}],"replies":[{"embeddable":true,"href":"https:\/\/sun-sea-living.com\/hr\/wp-json\/wp\/v2\/comments?post=1164"}],"version-history":[{"count":4,"href":"https:\/\/sun-sea-living.com\/hr\/wp-json\/wp\/v2\/pages\/1164\/revisions"}],"predecessor-version":[{"id":2569,"href":"https:\/\/sun-sea-living.com\/hr\/wp-json\/wp\/v2\/pages\/1164\/revisions\/2569"}],"wp:attachment":[{"href":"https:\/\/sun-sea-living.com\/hr\/wp-json\/wp\/v2\/media?parent=1164"}],"curies":[{"name":"wp","href":"https:\/\/api.w.org\/{rel}","templated":true}]}}